{"id":4172,"date":"2024-04-17T11:12:40","date_gmt":"2024-04-17T09:12:40","guid":{"rendered":"https:\/\/www.optical-particle-counter.com\/?page_id=4172"},"modified":"2024-04-17T11:14:31","modified_gmt":"2024-04-17T09:14:31","slug":"optimisez-lenergie-dans-laeronautique-avec-notre-solution-de-compteur-de-particules","status":"publish","type":"page","link":"https:\/\/www.optical-particle-counter.com\/en\/optimisez-lenergie-dans-laeronautique-avec-notre-solution-de-compteur-de-particules\/","title":{"rendered":"Optimisez l&rsquo;\u00e9nergie dans l&rsquo;a\u00e9ronautique avec notre solution de compteur de particules"},"content":{"rendered":"<div data-elementor-type=\"wp-page\" data-elementor-id=\"4172\" class=\"elementor elementor-4172\" data-elementor-post-type=\"page\">\n\t\t\t\t\t\t<section class=\"elementor-section elementor-top-section elementor-element elementor-element-7bca274 elementor-section-boxed elementor-section-height-default elementor-section-height-default\" data-id=\"7bca274\" data-element_type=\"section\">\n\t\t\t\t\t\t<div class=\"elementor-container elementor-column-gap-default\">\n\t\t\t\t\t<div class=\"elementor-column elementor-col-100 elementor-top-column elementor-element elementor-element-ae897a0\" data-id=\"ae897a0\" data-element_type=\"column\">\n\t\t\t<div class=\"elementor-widget-wrap elementor-element-populated\">\n\t\t\t\t\t\t<div class=\"elementor-element elementor-element-b73fa6d elementor-widget elementor-widget-heading\" data-id=\"b73fa6d\" data-element_type=\"widget\" data-widget_type=\"heading.default\">\n\t\t\t\t<div class=\"elementor-widget-container\">\n\t\t\t<style>\/*! elementor - v3.22.0 - 24-06-2024 *\/\n.elementor-heading-title{padding:0;margin:0;line-height:1}.elementor-widget-heading .elementor-heading-title[class*=elementor-size-]>a{color:inherit;font-size:inherit;line-height:inherit}.elementor-widget-heading .elementor-heading-title.elementor-size-small{font-size:15px}.elementor-widget-heading .elementor-heading-title.elementor-size-medium{font-size:19px}.elementor-widget-heading .elementor-heading-title.elementor-size-large{font-size:29px}.elementor-widget-heading .elementor-heading-title.elementor-size-xl{font-size:39px}.elementor-widget-heading .elementor-heading-title.elementor-size-xxl{font-size:59px}<\/style><h2 class=\"elementor-heading-title elementor-size-default\">Optimisez l'\u00e9nergie dans l'a\u00e9ronautique avec notre solution de compteur de particules<\/h2>\t\t<\/div>\n\t\t\t\t<\/div>\n\t\t\t\t\t<\/div>\n\t\t<\/div>\n\t\t\t\t\t<\/div>\n\t\t<\/section>\n\t\t\t\t<section class=\"elementor-section elementor-top-section elementor-element elementor-element-d61a95c elementor-section-boxed elementor-section-height-default elementor-section-height-default\" data-id=\"d61a95c\" data-element_type=\"section\">\n\t\t\t\t\t\t<div class=\"elementor-container elementor-column-gap-default\">\n\t\t\t\t\t<div class=\"elementor-column elementor-col-100 elementor-top-column elementor-element elementor-element-6f116be\" data-id=\"6f116be\" data-element_type=\"column\">\n\t\t\t<div class=\"elementor-widget-wrap elementor-element-populated\">\n\t\t\t\t\t\t<div class=\"elementor-element elementor-element-955e378 elementor-widget elementor-widget-text-editor\" data-id=\"955e378\" data-element_type=\"widget\" data-widget_type=\"text-editor.default\">\n\t\t\t\t<div class=\"elementor-widget-container\">\n\t\t\t<style>\/*! elementor - v3.22.0 - 24-06-2024 *\/\n.elementor-widget-text-editor.elementor-drop-cap-view-stacked .elementor-drop-cap{background-color:#69727d;color:#fff}.elementor-widget-text-editor.elementor-drop-cap-view-framed .elementor-drop-cap{color:#69727d;border:3px solid;background-color:transparent}.elementor-widget-text-editor:not(.elementor-drop-cap-view-default) .elementor-drop-cap{margin-top:8px}.elementor-widget-text-editor:not(.elementor-drop-cap-view-default) .elementor-drop-cap-letter{width:1em;height:1em}.elementor-widget-text-editor .elementor-drop-cap{float:left;text-align:center;line-height:1;font-size:50px}.elementor-widget-text-editor .elementor-drop-cap-letter{display:inline-block}<\/style>\t\t\t\t<p>Lorem ipsum dolor sit amet, consectetur adipiscing elit. Ut elit tellus, luctus nec ullamcorper mattis, pulvinar dapibus leo.<\/p>\t\t\t\t\t\t<\/div>\n\t\t\t\t<\/div>\n\t\t\t\t\t<\/div>\n\t\t<\/div>\n\t\t\t\t\t<\/div>\n\t\t<\/section>\n\t\t\t\t<\/div>","protected":false},"excerpt":{"rendered":"<p>Optimisez l&rsquo;\u00e9nergie dans l&rsquo;a\u00e9ronautique avec notre solution de compteur de particules Lorem ipsum dolor sit amet, consectetur adipiscing elit. Ut elit tellus, luctus nec ullamcorper mattis, pulvinar dapibus leo.<\/p>","protected":false},"author":11,"featured_media":0,"parent":0,"menu_order":0,"comment_status":"closed","ping_status":"closed","template":"","meta":{"footnotes":""},"class_list":["post-4172","page","type-page","status-publish","hentry"],"acf":[],"yoast_head":"<!-- This site is optimized with the Yoast SEO plugin v27.5 - https:\/\/yoast.com\/product\/yoast-seo-wordpress\/ -->\n<title>Optimisez l&#039;\u00e9nergie dans l&#039;a\u00e9ronautique avec notre solution de compteur de particules - Safyr OPC<\/title>\n<meta name=\"robots\" content=\"index, follow, max-snippet:-1, max-image-preview:large, max-video-preview:-1\" \/>\n<link rel=\"canonical\" href=\"https:\/\/www.optical-particle-counter.com\/en\/optimisez-lenergie-dans-laeronautique-avec-notre-solution-de-compteur-de-particules\/\" \/>\n<meta property=\"og:locale\" content=\"en_US\" \/>\n<meta property=\"og:type\" content=\"article\" \/>\n<meta property=\"og:title\" content=\"Optimisez l&#039;\u00e9nergie dans l&#039;a\u00e9ronautique avec notre solution de compteur de particules - Safyr OPC\" \/>\n<meta property=\"og:description\" content=\"Optimisez l&rsquo;\u00e9nergie dans l&rsquo;a\u00e9ronautique avec notre solution de compteur de particules Lorem ipsum dolor sit amet, consectetur adipiscing elit. Ut elit tellus, luctus nec ullamcorper mattis, pulvinar dapibus leo.\" \/>\n<meta property=\"og:url\" content=\"https:\/\/www.optical-particle-counter.com\/en\/optimisez-lenergie-dans-laeronautique-avec-notre-solution-de-compteur-de-particules\/\" \/>\n<meta property=\"og:site_name\" content=\"Safyr OPC\" \/>\n<meta property=\"article:modified_time\" content=\"2024-04-17T09:14:31+00:00\" \/>\n<meta name=\"twitter:card\" content=\"summary_large_image\" \/>\n<meta name=\"twitter:label1\" content=\"Est. reading time\" \/>\n\t<meta name=\"twitter:data1\" content=\"1 minute\" \/>\n<script type=\"application\/ld+json\" class=\"yoast-schema-graph\">{\"@context\":\"https:\\\/\\\/schema.org\",\"@graph\":[{\"@type\":\"WebPage\",\"@id\":\"https:\\\/\\\/www.optical-particle-counter.com\\\/optimisez-lenergie-dans-laeronautique-avec-notre-solution-de-compteur-de-particules\\\/\",\"url\":\"https:\\\/\\\/www.optical-particle-counter.com\\\/optimisez-lenergie-dans-laeronautique-avec-notre-solution-de-compteur-de-particules\\\/\",\"name\":\"Optimisez l'\u00e9nergie dans l'a\u00e9ronautique avec notre solution de compteur de particules - Safyr OPC\",\"isPartOf\":{\"@id\":\"https:\\\/\\\/www.optical-particle-counter.com\\\/#website\"},\"datePublished\":\"2024-04-17T09:12:40+00:00\",\"dateModified\":\"2024-04-17T09:14:31+00:00\",\"breadcrumb\":{\"@id\":\"https:\\\/\\\/www.optical-particle-counter.com\\\/optimisez-lenergie-dans-laeronautique-avec-notre-solution-de-compteur-de-particules\\\/#breadcrumb\"},\"inLanguage\":\"en-US\",\"potentialAction\":[{\"@type\":\"ReadAction\",\"target\":[\"https:\\\/\\\/www.optical-particle-counter.com\\\/optimisez-lenergie-dans-laeronautique-avec-notre-solution-de-compteur-de-particules\\\/\"]}]},{\"@type\":\"BreadcrumbList\",\"@id\":\"https:\\\/\\\/www.optical-particle-counter.com\\\/optimisez-lenergie-dans-laeronautique-avec-notre-solution-de-compteur-de-particules\\\/#breadcrumb\",\"itemListElement\":[{\"@type\":\"ListItem\",\"position\":1,\"name\":\"Accueil\",\"item\":\"https:\\\/\\\/www.optical-particle-counter.com\\\/\"},{\"@type\":\"ListItem\",\"position\":2,\"name\":\"Optimisez l&rsquo;\u00e9nergie dans l&rsquo;a\u00e9ronautique avec notre solution de compteur de particules\"}]},{\"@type\":\"WebSite\",\"@id\":\"https:\\\/\\\/www.optical-particle-counter.com\\\/#website\",\"url\":\"https:\\\/\\\/www.optical-particle-counter.com\\\/\",\"name\":\"Safyr OPC\",\"description\":\"Optical Particle Counter\",\"publisher\":{\"@id\":\"https:\\\/\\\/www.optical-particle-counter.com\\\/#organization\"},\"potentialAction\":[{\"@type\":\"SearchAction\",\"target\":{\"@type\":\"EntryPoint\",\"urlTemplate\":\"https:\\\/\\\/www.optical-particle-counter.com\\\/?s={search_term_string}\"},\"query-input\":{\"@type\":\"PropertyValueSpecification\",\"valueRequired\":true,\"valueName\":\"search_term_string\"}}],\"inLanguage\":\"en-US\"},{\"@type\":\"Organization\",\"@id\":\"https:\\\/\\\/www.optical-particle-counter.com\\\/#organization\",\"name\":\"Safyr OPC\",\"url\":\"https:\\\/\\\/www.optical-particle-counter.com\\\/\",\"logo\":{\"@type\":\"ImageObject\",\"inLanguage\":\"en-US\",\"@id\":\"https:\\\/\\\/www.optical-particle-counter.com\\\/#\\\/schema\\\/logo\\\/image\\\/\",\"url\":\"https:\\\/\\\/www.optical-particle-counter.com\\\/wp-content\\\/uploads\\\/2022\\\/01\\\/Logo-Safyr-OPC.svg\",\"contentUrl\":\"https:\\\/\\\/www.optical-particle-counter.com\\\/wp-content\\\/uploads\\\/2022\\\/01\\\/Logo-Safyr-OPC.svg\",\"width\":176,\"height\":33,\"caption\":\"Safyr OPC\"},\"image\":{\"@id\":\"https:\\\/\\\/www.optical-particle-counter.com\\\/#\\\/schema\\\/logo\\\/image\\\/\"}}]}<\/script>\n<!-- \/ Yoast SEO plugin. -->","yoast_head_json":{"title":"Optimisez l'\u00e9nergie dans l'a\u00e9ronautique avec notre solution de compteur de particules - Safyr OPC","robots":{"index":"index","follow":"follow","max-snippet":"max-snippet:-1","max-image-preview":"max-image-preview:large","max-video-preview":"max-video-preview:-1"},"canonical":"https:\/\/www.optical-particle-counter.com\/en\/optimisez-lenergie-dans-laeronautique-avec-notre-solution-de-compteur-de-particules\/","og_locale":"en_US","og_type":"article","og_title":"Optimisez l'\u00e9nergie dans l'a\u00e9ronautique avec notre solution de compteur de particules - Safyr OPC","og_description":"Optimisez l&rsquo;\u00e9nergie dans l&rsquo;a\u00e9ronautique avec notre solution de compteur de particules Lorem ipsum dolor sit amet, consectetur adipiscing elit. Ut elit tellus, luctus nec ullamcorper mattis, pulvinar dapibus leo.","og_url":"https:\/\/www.optical-particle-counter.com\/en\/optimisez-lenergie-dans-laeronautique-avec-notre-solution-de-compteur-de-particules\/","og_site_name":"Safyr OPC","article_modified_time":"2024-04-17T09:14:31+00:00","twitter_card":"summary_large_image","twitter_misc":{"Est. reading time":"1 minute"},"schema":{"@context":"https:\/\/schema.org","@graph":[{"@type":"WebPage","@id":"https:\/\/www.optical-particle-counter.com\/optimisez-lenergie-dans-laeronautique-avec-notre-solution-de-compteur-de-particules\/","url":"https:\/\/www.optical-particle-counter.com\/optimisez-lenergie-dans-laeronautique-avec-notre-solution-de-compteur-de-particules\/","name":"Optimisez l'\u00e9nergie dans l'a\u00e9ronautique avec notre solution de compteur de particules - Safyr OPC","isPartOf":{"@id":"https:\/\/www.optical-particle-counter.com\/#website"},"datePublished":"2024-04-17T09:12:40+00:00","dateModified":"2024-04-17T09:14:31+00:00","breadcrumb":{"@id":"https:\/\/www.optical-particle-counter.com\/optimisez-lenergie-dans-laeronautique-avec-notre-solution-de-compteur-de-particules\/#breadcrumb"},"inLanguage":"en-US","potentialAction":[{"@type":"ReadAction","target":["https:\/\/www.optical-particle-counter.com\/optimisez-lenergie-dans-laeronautique-avec-notre-solution-de-compteur-de-particules\/"]}]},{"@type":"BreadcrumbList","@id":"https:\/\/www.optical-particle-counter.com\/optimisez-lenergie-dans-laeronautique-avec-notre-solution-de-compteur-de-particules\/#breadcrumb","itemListElement":[{"@type":"ListItem","position":1,"name":"Accueil","item":"https:\/\/www.optical-particle-counter.com\/"},{"@type":"ListItem","position":2,"name":"Optimisez l&rsquo;\u00e9nergie dans l&rsquo;a\u00e9ronautique avec notre solution de compteur de particules"}]},{"@type":"WebSite","@id":"https:\/\/www.optical-particle-counter.com\/#website","url":"https:\/\/www.optical-particle-counter.com\/","name":"Safyr OPC","description":"Optical Particle Counter","publisher":{"@id":"https:\/\/www.optical-particle-counter.com\/#organization"},"potentialAction":[{"@type":"SearchAction","target":{"@type":"EntryPoint","urlTemplate":"https:\/\/www.optical-particle-counter.com\/?s={search_term_string}"},"query-input":{"@type":"PropertyValueSpecification","valueRequired":true,"valueName":"search_term_string"}}],"inLanguage":"en-US"},{"@type":"Organization","@id":"https:\/\/www.optical-particle-counter.com\/#organization","name":"Safyr OPC","url":"https:\/\/www.optical-particle-counter.com\/","logo":{"@type":"ImageObject","inLanguage":"en-US","@id":"https:\/\/www.optical-particle-counter.com\/#\/schema\/logo\/image\/","url":"https:\/\/www.optical-particle-counter.com\/wp-content\/uploads\/2022\/01\/Logo-Safyr-OPC.svg","contentUrl":"https:\/\/www.optical-particle-counter.com\/wp-content\/uploads\/2022\/01\/Logo-Safyr-OPC.svg","width":176,"height":33,"caption":"Safyr OPC"},"image":{"@id":"https:\/\/www.optical-particle-counter.com\/#\/schema\/logo\/image\/"}}]}},"_links":{"self":[{"href":"https:\/\/www.optical-particle-counter.com\/en\/wp-json\/wp\/v2\/pages\/4172","targetHints":{"allow":["GET"]}}],"collection":[{"href":"https:\/\/www.optical-particle-counter.com\/en\/wp-json\/wp\/v2\/pages"}],"about":[{"href":"https:\/\/www.optical-particle-counter.com\/en\/wp-json\/wp\/v2\/types\/page"}],"author":[{"embeddable":true,"href":"https:\/\/www.optical-particle-counter.com\/en\/wp-json\/wp\/v2\/users\/11"}],"replies":[{"embeddable":true,"href":"https:\/\/www.optical-particle-counter.com\/en\/wp-json\/wp\/v2\/comments?post=4172"}],"version-history":[{"count":4,"href":"https:\/\/www.optical-particle-counter.com\/en\/wp-json\/wp\/v2\/pages\/4172\/revisions"}],"predecessor-version":[{"id":4176,"href":"https:\/\/www.optical-particle-counter.com\/en\/wp-json\/wp\/v2\/pages\/4172\/revisions\/4176"}],"wp:attachment":[{"href":"https:\/\/www.optical-particle-counter.com\/en\/wp-json\/wp\/v2\/media?parent=4172"}],"curies":[{"name":"wp","href":"https:\/\/api.w.org\/{rel}","templated":true}]}}